{"id":1363,"date":"2019-08-14T09:52:05","date_gmt":"2019-08-14T09:52:05","guid":{"rendered":"https:\/\/schwartzltd.co.uk\/product\/pk-herring-mayo\/"},"modified":"2020-06-24T13:42:50","modified_gmt":"2020-06-24T13:42:50","slug":"pk-herring-mayo","status":"publish","type":"product","link":"https:\/\/schwartzltd.co.uk\/?product=pk-herring-mayo","title":{"rendered":"Kl\u00e4desholmen Herring in Dill Mayonnaise (L\u00e4ck\u00f6sill)"},"content":{"rendered":"<p>Product Code: PKMAYO<\/p>\n<p>Brand: Kl\u00e4desholmen<\/p>\n<p>Size: 10x250gr<\/p>\n<p>Hechsher: Kosher Swedish Rabbinate<\/p>\n<p>&nbsp;<\/p>\n<p>Marinated HERRING pieces (Clupea Harengus 125 g), water, sugar, veg.oil, MUSTARD, salt, vinegar, dill and milk protein. Thickening agents E415, E1414. Preservative E211.<\/p>\n","protected":false},"excerpt":{"rendered":"<p>Product Code: PKMAYO Brand: Kl\u00e4desholmen Size: 10x250gr Hechsher: Kosher Swedish Rabbinate &nbsp; Marinated HERRING pieces (Clupea Harengus 125 g), water, sugar, veg.oil, MUSTARD, salt, vinegar, dill and milk protein. Thickening agents E415, E1414. Preservative E211.<\/p>\n","protected":false},"featured_media":624,"comment_status":"closed","ping_status":"closed","template":"","meta":[],"pwb-brand":[287],"product_cat":[88,311],"product_tag":[264],"brands":[{"id":287,"name":"Kl\u00e4desholmen","slug":"kladesholmen"}],"_links":{"self":[{"href":"https:\/\/schwartzltd.co.uk\/index.php?rest_route=\/wp\/v2\/product\/1363"}],"collection":[{"href":"https:\/\/schwartzltd.co.uk\/index.php?rest_route=\/wp\/v2\/product"}],"about":[{"href":"https:\/\/schwartzltd.co.uk\/index.php?rest_route=\/wp\/v2\/types\/product"}],"replies":[{"embeddable":true,"href":"https:\/\/schwartzltd.co.uk\/index.php?rest_route=%2Fwp%2Fv2%2Fcomments&post=1363"}],"wp:featuredmedia":[{"embeddable":true,"href":"https:\/\/schwartzltd.co.uk\/index.php?rest_route=\/wp\/v2\/media\/624"}],"wp:attachment":[{"href":"https:\/\/schwartzltd.co.uk\/index.php?rest_route=%2Fwp%2Fv2%2Fmedia&parent=1363"}],"wp:term":[{"taxonomy":"pwb-brand","embeddable":true,"href":"https:\/\/schwartzltd.co.uk\/index.php?rest_route=%2Fwp%2Fv2%2Fpwb-brand&post=1363"},{"taxonomy":"product_cat","embeddable":true,"href":"https:\/\/schwartzltd.co.uk\/index.php?rest_route=%2Fwp%2Fv2%2Fproduct_cat&post=1363"},{"taxonomy":"product_tag","embeddable":true,"href":"https:\/\/schwartzltd.co.uk\/index.php?rest_route=%2Fwp%2Fv2%2Fproduct_tag&post=1363"}],"curies":[{"name":"wp","href":"https:\/\/api.w.org\/{rel}","templated":true}]}}